{"id":4565,"date":"2025-07-25T14:13:15","date_gmt":"2025-07-25T14:13:15","guid":{"rendered":"https:\/\/investingporto.com\/condiciones-del-consentimiento\/"},"modified":"2025-07-30T00:24:46","modified_gmt":"2025-07-30T00:24:46","slug":"condiciones-del-consentimiento","status":"publish","type":"page","link":"https:\/\/investingporto.com\/es\/condiciones-del-consentimiento\/","title":{"rendered":"Condiciones del consentimiento"},"content":{"rendered":"\n<p><strong>Invest in Porto &#8211; Condiciones del servicio SMS, consentimiento y pol\u00edtica de privacidad<\/strong><\/p>\n\n<p><br\/><strong>Consentimiento para recibir comunicaciones por SMS<\/strong><br\/>Al proporcionar tu n\u00famero de tel\u00e9fono m\u00f3vil y optar por el Programa SMS Invertir en Oporto, das tu consentimiento<br\/>a lo siguiente: 1. Descripci\u00f3n del Programa: Aceptas recibir mensajes SMS recurrentes de Invertir en<br\/>Oporto relacionados con actualizaciones de inversiones inmobiliarias, oportunidades inmobiliarias y notificaciones de transacciones importantes<br\/>. La frecuencia de los mensajes var\u00eda en funci\u00f3n del compromiso.   2. Tu consentimiento: Al darte de alta,<br\/>autorizas a Invest in Porto a enviar mensajes SMS al n\u00famero de m\u00f3vil que has proporcionado utilizando un sistema automatizado de<br\/>. Tu consentimiento para recibir mensajes de texto no es condici\u00f3n para ninguna compra. 3. Instrucciones de exclusi\u00f3n voluntaria de<br\/>: Puedes retirar tu consentimiento en cualquier momento enviando un mensaje de texto con la palabra &#8220;STOP&#8221; a nuestro c\u00f3digo corto.<br\/>Enviaremos un mensaje de confirmaci\u00f3n y cesaremos todas las comunicaciones SMS posteriores.   4. Reincorporaci\u00f3n al Programa<br\/>: Si te diste de baja anteriormente y quieres volver a unirte, puedes inscribirte de nuevo a trav\u00e9s de nuestro sitio web o<br\/>enviando el texto &#8220;START&#8221; al c\u00f3digo corto. 5. Tarifas de mensajes y datos: Pueden aplicarse las tarifas est\u00e1ndar de mensajes y datos<br\/>. La frecuencia de los mensajes var\u00eda. Ponte en contacto con tu operador de telefon\u00eda m\u00f3vil para obtener m\u00e1s informaci\u00f3n.   6. Ayuda y soporte: Si necesitas ayuda en<br\/>, env\u00eda &#8220;AYUDA&#8221; al c\u00f3digo abreviado o ponte en contacto con nosotros en Investinporto@gmail.com o +1 (561)<br\/>565-9828. 7. Privacidad: Tu informaci\u00f3n ser\u00e1 tratada de acuerdo con nuestra Pol\u00edtica de Privacidad en<br\/>https:\/\/investingporto.com\/. 8. Cl\u00e1usula de exenci\u00f3n de responsabilidad del transportista: Los transportistas no son responsables de los mensajes de<br\/>retrasados o no entregados.  9. Cumplimiento legal: Confirmas que eres el titular de la cuenta o que tienes permiso para ello y que tienes al menos 18 a\u00f1os de edad en<br\/>.<\/p>\n\n<p><br\/><strong>Condiciones del servicio SMS<\/strong><br\/>Invertir en Oporto ofrece un servicio de mensajer\u00eda SMS que proporciona a los suscriptores actualizaciones sobre inversiones inmobiliarias<br\/>, oportunidades inmobiliarias y notificaciones de transacciones importantes. La frecuencia de los mensajes var\u00eda.<br\/>Darse de baja: Env\u00eda &#8220;STOP&#8221; para darte de baja. Confirmaremos tu solicitud y dejaremos de enviarte mensajes.<br\/>Reincorporarse: Inscr\u00edbete de nuevo a trav\u00e9s de nuestro sitio web o env\u00eda un mensaje de texto con la palabra &#8220;INICIAR&#8221; para reincorporarte. Ayuda: Env\u00eda un mensaje de texto con la palabra &#8220;AYUDA&#8221; para obtener ayuda o ponte en contacto con<br\/>Investinporto@gmail.com o +1 (561) 565-9828. Exenci\u00f3n de responsabilidad del transportista: Los transportistas no son<br\/>responsables de los mensajes retrasados o no entregados. Tarifas de mensajes y datos: Pueden aplicarse las tarifas est\u00e1ndar de mensajes y datos de<br\/>. La frecuencia de los mensajes var\u00eda. Pol\u00edtica de privacidad: Visita https:\/\/investingporto.com\/ para obtener m\u00e1s detalles.<br\/>Cumplimiento: Cumplimos la CTIA, la TCPA y las normas del sector.<br\/>Pol\u00edtica de privacidad       <\/p>\n\n<p><br\/>Fecha de entrada en vigor: 27\/4\/2025<\/p>\n\n<p>  Invertir en Oporto (&#8220;Empresa&#8221;, &#8220;nosotros&#8221;, &#8220;nuestro&#8221; o &#8220;nos&#8221;) valora tu privacidad y se compromete en<br\/>a proteger la informaci\u00f3n personal que nos proporciones. Esta Pol\u00edtica de Privacidad explica c\u00f3mo<br\/>recogemos, utilizamos, revelamos y protegemos tu informaci\u00f3n cuando utilizas nuestros servicios.  1. Informaci\u00f3n que recopilamos<br\/>: Datos de contacto, verificaci\u00f3n de identidad, informaci\u00f3n financiera, preferencias de propiedad y registros de comunicaci\u00f3n<br\/>. 2. C\u00f3mo utilizamos tu informaci\u00f3n: Para ayudar en el descubrimiento de bienes, las obligaciones legales, la prevenci\u00f3n del fraude<br\/>y la mejora del servicio. 3. Compartimos tu informaci\u00f3n: Con socios inmobiliarios, asesores, proveedores de servicios de<br\/>y organismos gubernamentales cuando lo exija la ley. 4. Conservaci\u00f3n de datos: Conservados mientras<br\/>sea necesario para la finalidad recogida o por exigencias legales. 5. Seguridad: Ponemos en pr\u00e1ctica medidas de seguridad razonables en<br\/>. 6. Tus derechos: Acceder, rectificar, eliminar, retirar el consentimiento y excluirte del marketing.<br\/>Contacta con Investinporto@gmail.com. 7. Transferencias internacionales: Los datos pueden transferirse internacionalmente con las garant\u00edas de<br\/>. 8. Privacidad infantil: No dirigido a menores de 18 a\u00f1os. 9. Actualizaciones de la pol\u00edtica: Actualizaciones publicadas en<br\/>con nueva fecha de entrada en vigor. 10. Contacto: Investinporto@gmail.com | +1 (561) 565-9828 |<br\/>https:\/\/investingporto.com\/<\/p>\n","protected":false},"excerpt":{"rendered":"<p>Invest in Porto &#8211; Condiciones del servicio SMS, consentimiento y pol\u00edtica de privacidad Consentimiento para recibir comunicaciones por SMSAl proporcionar tu n\u00famero de tel\u00e9fono m\u00f3vil y optar por el Programa SMS Invertir en Oporto, das tu consentimientoa lo siguiente: 1. Descripci\u00f3n del Programa: Aceptas recibir mensajes SMS recurrentes de Invertir enOporto relacionados con actualizaciones de [&hellip;]<\/p>\n","protected":false},"author":5,"featured_media":0,"parent":0,"menu_order":0,"comment_status":"closed","ping_status":"closed","template":"","meta":{"footnotes":""},"class_list":["post-4565","page","type-page","status-publish","hentry"],"_links":{"self":[{"href":"https:\/\/investingporto.com\/es\/wp-json\/wp\/v2\/pages\/4565","targetHints":{"allow":["GET"]}}],"collection":[{"href":"https:\/\/investingporto.com\/es\/wp-json\/wp\/v2\/pages"}],"about":[{"href":"https:\/\/investingporto.com\/es\/wp-json\/wp\/v2\/types\/page"}],"author":[{"embeddable":true,"href":"https:\/\/investingporto.com\/es\/wp-json\/wp\/v2\/users\/5"}],"replies":[{"embeddable":true,"href":"https:\/\/investingporto.com\/es\/wp-json\/wp\/v2\/comments?post=4565"}],"version-history":[{"count":1,"href":"https:\/\/investingporto.com\/es\/wp-json\/wp\/v2\/pages\/4565\/revisions"}],"predecessor-version":[{"id":4566,"href":"https:\/\/investingporto.com\/es\/wp-json\/wp\/v2\/pages\/4565\/revisions\/4566"}],"wp:attachment":[{"href":"https:\/\/investingporto.com\/es\/wp-json\/wp\/v2\/media?parent=4565"}],"curies":[{"name":"wp","href":"https:\/\/api.w.org\/{rel}","templated":true}]}}