{"id":4285,"date":"2025-04-11T13:49:20","date_gmt":"2025-04-11T13:49:20","guid":{"rendered":"https:\/\/investingporto.com\/quienes-somos\/"},"modified":"2025-11-18T22:46:01","modified_gmt":"2025-11-18T22:46:01","slug":"quienes-somos","status":"publish","type":"page","link":"https:\/\/investingporto.com\/es\/quienes-somos\/","title":{"rendered":"Qui\u00e9nes somos"},"content":{"rendered":"\t\t<div data-elementor-type=\"wp-post\" data-elementor-id=\"4285\" class=\"elementor elementor-4285 elementor-433\">\n\t\t\t\t<div class=\"elementor-element elementor-element-632cc97 e-flex e-con-boxed e-con e-parent\" data-id=\"632cc97\" data-element_type=\"container\" data-settings=\"{&quot;background_background&quot;:&quot;classic&quot;}\">\n\t\t\t\t\t<div class=\"e-con-inner\">\n\t\t<div class=\"elementor-element elementor-element-bbcd2a3 e-con-full e-flex e-con e-child\" data-id=\"bbcd2a3\" data-element_type=\"container\">\n\t\t\t\t<div class=\"elementor-element elementor-element-9fee128 elementor-widget elementor-widget-heading\" data-id=\"9fee128\" data-element_type=\"widget\" data-widget_type=\"heading.default\">\n\t\t\t\t<div class=\"elementor-widget-container\">\n\t\t\t\t\t<h1 class=\"elementor-heading-title elementor-size-default\">Qui\u00e9nes somos<\/h1>\t\t\t\t<\/div>\n\t\t\t\t<\/div>\n\t\t\t\t<div class=\"elementor-element elementor-element-fc7fc5b elementor-widget-divider--view-line elementor-widget elementor-widget-divider\" data-id=\"fc7fc5b\" data-element_type=\"widget\" data-widget_type=\"divider.default\">\n\t\t\t\t<div class=\"elementor-widget-container\">\n\t\t\t\t\t\t\t<div class=\"elementor-divider\">\n\t\t\t<span class=\"elementor-divider-separator\">\n\t\t\t\t\t\t<\/span>\n\t\t<\/div>\n\t\t\t\t\t\t<\/div>\n\t\t\t\t<\/div>\n\t\t\t\t<\/div>\n\t\t\t\t\t<\/div>\n\t\t\t\t<\/div>\n\t\t<div class=\"elementor-element elementor-element-92c30bd e-flex e-con-boxed e-con e-parent\" data-id=\"92c30bd\" data-element_type=\"container\" data-settings=\"{&quot;background_background&quot;:&quot;classic&quot;}\">\n\t\t\t\t\t<div class=\"e-con-inner\">\n\t\t<div class=\"elementor-element elementor-element-144d0ca e-con-full e-flex e-con e-child\" data-id=\"144d0ca\" data-element_type=\"container\">\n\t\t<div class=\"elementor-element elementor-element-9687d53 e-flex e-con-boxed e-con e-child\" data-id=\"9687d53\" data-element_type=\"container\">\n\t\t\t\t\t<div class=\"e-con-inner\">\n\t\t<div class=\"elementor-element elementor-element-c3e6dda e-con-full e-flex e-con e-child\" data-id=\"c3e6dda\" data-element_type=\"container\">\n\t\t<div class=\"elementor-element elementor-element-cfbd99f e-con-full e-flex e-con e-child\" data-id=\"cfbd99f\" data-element_type=\"container\">\n\t\t<div class=\"elementor-element elementor-element-d03a70f e-con-full e-flex e-con e-child\" data-id=\"d03a70f\" data-element_type=\"container\">\n\t\t<div class=\"elementor-element elementor-element-061f063 e-con-full e-flex e-con e-child\" data-id=\"061f063\" data-element_type=\"container\">\n\t\t<div class=\"elementor-element elementor-element-feedf45 e-con-full e-flex e-con e-child\" data-id=\"feedf45\" data-element_type=\"container\">\n\t\t\t\t<div class=\"elementor-element elementor-element-87e430f elementor-widget-tablet__width-initial elementor-widget elementor-widget-heading\" data-id=\"87e430f\" data-element_type=\"widget\" data-settings=\"{&quot;_animation&quot;:&quot;none&quot;}\" data-widget_type=\"heading.default\">\n\t\t\t\t<div class=\"elementor-widget-container\">\n\t\t\t\t\t<h2 class=\"elementor-heading-title elementor-size-default\">Sobre nosotros<\/h2>\t\t\t\t<\/div>\n\t\t\t\t<\/div>\n\t\t\t\t<div class=\"elementor-element elementor-element-8f7fabe elementor-widget elementor-widget-text-editor\" data-id=\"8f7fabe\" data-element_type=\"widget\" data-widget_type=\"text-editor.default\">\n\t\t\t\t<div class=\"elementor-widget-container\">\n\t\t\t\t\t\t\t\t\t<p data-start=\"113\" data-end=\"302\">Somos un equipo de profesionales dedicados, impulsados por una pasi\u00f3n compartida por el sector inmobiliario, la vida internacional y ayudar a otros a descubrir las extraordinarias oportunidades que les esperan en Oporto, Portugal.<\/p><p data-start=\"304\" data-end=\"675\">Con a\u00f1os de experiencia como agentes inmobiliarios y un profundo conocimiento de los mercados estadounidense y europeo, nuestra misi\u00f3n es tender un puente entre los inversores estadounidenses y el pr\u00f3spero panorama inmobiliario de Oporto. Tanto si buscas inversiones que produzcan ingresos como si imaginas un impresionante retiro vacacional en el extranjero, estamos aqu\u00ed para guiarte con claridad, confianza y esmero. <\/p><p data-start=\"677\" data-end=\"996\">Lo que realmente nos diferencia es nuestra conexi\u00f3n personal con Oporto y nuestra creencia en su excepcional potencial. Desde las calles adoquinadas del centro hist\u00f3rico hasta los vibrantes barrios emergentes llenos de car\u00e1cter y encanto, conocemos esta ciudad \u00edntimamente, y nos apasiona compartir su valor con nuestros clientes. <\/p><p data-start=\"998\" data-end=\"1007\" data-is-last-node=\"\" data-is-only-node=\"\">Te lo ofrecemos:<\/p>\t\t\t\t\t\t\t\t<\/div>\n\t\t\t\t<\/div>\n\t\t\t\t<div class=\"elementor-element elementor-element-0c1e580 elementor-icon-list--layout-traditional elementor-list-item-link-full_width elementor-widget elementor-widget-icon-list\" data-id=\"0c1e580\" data-element_type=\"widget\" data-widget_type=\"icon-list.default\">\n\t\t\t\t<div class=\"elementor-widget-container\">\n\t\t\t\t\t\t\t<ul class=\"elementor-icon-list-items\">\n\t\t\t\t\t\t\t<li class=\"elementor-icon-list-item\">\n\t\t\t\t\t\t\t\t\t\t\t<span class=\"elementor-icon-list-icon\">\n\t\t\t\t\t\t\t<svg aria-hidden=\"true\" class=\"e-font-icon-svg e-fas-check-circle\" viewBox=\"0 0 512 512\" xmlns=\"http:\/\/www.w3.org\/2000\/svg\"><path d=\"M504 256c0 136.967-111.033 248-248 248S8 392.967 8 256 119.033 8 256 8s248 111.033 248 248zM227.314 387.314l184-184c6.248-6.248 6.248-16.379 0-22.627l-22.627-22.627c-6.248-6.249-16.379-6.249-22.628 0L216 308.118l-70.059-70.059c-6.248-6.248-16.379-6.248-22.628 0l-22.627 22.627c-6.248 6.248-6.248 16.379 0 22.627l104 104c6.249 6.249 16.379 6.249 22.628.001z\"><\/path><\/svg>\t\t\t\t\t\t<\/span>\n\t\t\t\t\t\t\t\t\t\t<span class=\"elementor-icon-list-text\">B\u00fasquedas inmobiliarias personalizadas que se ajustan a tus objetivos y estilo de vida<\/span>\n\t\t\t\t\t\t\t\t\t<\/li>\n\t\t\t\t\t\t\t\t<li class=\"elementor-icon-list-item\">\n\t\t\t\t\t\t\t\t\t\t\t<span class=\"elementor-icon-list-icon\">\n\t\t\t\t\t\t\t<svg aria-hidden=\"true\" class=\"e-font-icon-svg e-fas-check-circle\" viewBox=\"0 0 512 512\" xmlns=\"http:\/\/www.w3.org\/2000\/svg\"><path d=\"M504 256c0 136.967-111.033 248-248 248S8 392.967 8 256 119.033 8 256 8s248 111.033 248 248zM227.314 387.314l184-184c6.248-6.248 6.248-16.379 0-22.627l-22.627-22.627c-6.248-6.249-16.379-6.249-22.628 0L216 308.118l-70.059-70.059c-6.248-6.248-16.379-6.248-22.628 0l-22.627 22.627c-6.248 6.248-6.248 16.379 0 22.627l104 104c6.249 6.249 16.379 6.249 22.628.001z\"><\/path><\/svg>\t\t\t\t\t\t<\/span>\n\t\t\t\t\t\t\t\t\t\t<span class=\"elementor-icon-list-text\">Asistencia llave en mano durante todo el proceso de compra<\/span>\n\t\t\t\t\t\t\t\t\t<\/li>\n\t\t\t\t\t\t\t\t<li class=\"elementor-icon-list-item\">\n\t\t\t\t\t\t\t\t\t\t\t<span class=\"elementor-icon-list-icon\">\n\t\t\t\t\t\t\t<svg aria-hidden=\"true\" class=\"e-font-icon-svg e-fas-check-circle\" viewBox=\"0 0 512 512\" xmlns=\"http:\/\/www.w3.org\/2000\/svg\"><path d=\"M504 256c0 136.967-111.033 248-248 248S8 392.967 8 256 119.033 8 256 8s248 111.033 248 248zM227.314 387.314l184-184c6.248-6.248 6.248-16.379 0-22.627l-22.627-22.627c-6.248-6.249-16.379-6.249-22.628 0L216 308.118l-70.059-70.059c-6.248-6.248-16.379-6.248-22.628 0l-22.627 22.627c-6.248 6.248-6.248 16.379 0 22.627l104 104c6.249 6.249 16.379 6.249 22.628.001z\"><\/path><\/svg>\t\t\t\t\t\t<\/span>\n\t\t\t\t\t\t\t\t\t\t<span class=\"elementor-icon-list-text\">Informaci\u00f3n local y acceso a profesionales jur\u00eddicos, financieros y de gesti\u00f3n inmobiliaria de confianza<\/span>\n\t\t\t\t\t\t\t\t\t<\/li>\n\t\t\t\t\t\t\t\t<li class=\"elementor-icon-list-item\">\n\t\t\t\t\t\t\t\t\t\t\t<span class=\"elementor-icon-list-icon\">\n\t\t\t\t\t\t\t<svg aria-hidden=\"true\" class=\"e-font-icon-svg e-fas-check-circle\" viewBox=\"0 0 512 512\" xmlns=\"http:\/\/www.w3.org\/2000\/svg\"><path d=\"M504 256c0 136.967-111.033 248-248 248S8 392.967 8 256 119.033 8 256 8s248 111.033 248 248zM227.314 387.314l184-184c6.248-6.248 6.248-16.379 0-22.627l-22.627-22.627c-6.248-6.249-16.379-6.249-22.628 0L216 308.118l-70.059-70.059c-6.248-6.248-16.379-6.248-22.628 0l-22.627 22.627c-6.248 6.248-6.248 16.379 0 22.627l104 104c6.249 6.249 16.379 6.249 22.628.001z\"><\/path><\/svg>\t\t\t\t\t\t<\/span>\n\t\t\t\t\t\t\t\t\t\t<span class=\"elementor-icon-list-text\">Compromiso con la integridad, la transparencia y la creaci\u00f3n de relaciones a largo plazo<\/span>\n\t\t\t\t\t\t\t\t\t<\/li>\n\t\t\t\t\t\t<\/ul>\n\t\t\t\t\t\t<\/div>\n\t\t\t\t<\/div>\n\t\t\t\t<div class=\"elementor-element elementor-element-a618f84 elementor-widget elementor-widget-text-editor\" data-id=\"a618f84\" data-element_type=\"widget\" data-widget_type=\"text-editor.default\">\n\t\t\t\t<div class=\"elementor-widget-container\">\n\t\t\t\t\t\t\t\t\t<p>Oporto es m\u00e1s que un lugar: es un estilo de vida, una inversi\u00f3n inteligente y una puerta de entrada a Europa. Estamos aqu\u00ed para hacer que tu viaje inmobiliario al extranjero sea emocionante, fluido y gratificante. <\/p><p>Invirtamos juntos en Oporto.<\/p>\t\t\t\t\t\t\t\t<\/div>\n\t\t\t\t<\/div>\n\t\t\t\t<\/div>\n\t\t<div class=\"elementor-element elementor-element-0e11bd4 e-con-full e-flex e-con e-child\" data-id=\"0e11bd4\" data-element_type=\"container\">\n\t\t\t\t<div class=\"elementor-element elementor-element-5a8ea5e elementor-invisible elementor-widget elementor-widget-image\" data-id=\"5a8ea5e\" data-element_type=\"widget\" data-settings=\"{&quot;_animation&quot;:&quot;fadeInRight&quot;}\" data-widget_type=\"image.default\">\n\t\t\t\t<div class=\"elementor-widget-container\">\n\t\t\t\t\t\t\t\t\t\t\t\t\t\t\t<img decoding=\"async\" src=\"https:\/\/investingporto.com\/wp-content\/uploads\/elementor\/thumbs\/IMG_5825-1-r4zd2pm30ooz4tmv9mxjx87m15yzxbo50jtybdhmww.jpeg\" title=\"IMG_5825 (1)\" alt=\"IMG_5825 (1)\" loading=\"lazy\" \/>\t\t\t\t\t\t\t\t\t\t\t\t\t\t\t<\/div>\n\t\t\t\t<\/div>\n\t\t\t\t<div class=\"elementor-element elementor-element-935d678 elementor-widget__width-initial elementor-absolute elementor-invisible elementor-widget elementor-widget-image\" data-id=\"935d678\" data-element_type=\"widget\" data-settings=\"{&quot;_position&quot;:&quot;absolute&quot;,&quot;_animation&quot;:&quot;fadeInRight&quot;,&quot;_animation_delay&quot;:250}\" data-widget_type=\"image.default\">\n\t\t\t\t<div class=\"elementor-widget-container\">\n\t\t\t\t\t\t\t\t\t\t\t\t\t\t\t<img decoding=\"async\" src=\"https:\/\/investingporto.com\/wp-content\/uploads\/elementor\/thumbs\/Transparent-PNG-r4zd2plzd4boat5o0wc1kzoix5c3y20zd62fv61ytk.png\" title=\"Transparent-PNG\" alt=\"Transparent-PNG\" loading=\"lazy\" \/>\t\t\t\t\t\t\t\t\t\t\t\t\t\t\t<\/div>\n\t\t\t\t<\/div>\n\t\t\t\t<\/div>\n\t\t\t\t<\/div>\n\t\t\t\t<\/div>\n\t\t\t\t<\/div>\n\t\t\t\t<\/div>\n\t\t\t\t\t<\/div>\n\t\t\t\t<\/div>\n\t\t\t\t<\/div>\n\t\t\t\t\t<\/div>\n\t\t\t\t<\/div>\n\t\t\t\t<\/div>\n\t\t","protected":false},"excerpt":{"rendered":"<p>Qui\u00e9nes somos Sobre nosotros Somos un equipo de profesionales dedicados, impulsados por una pasi\u00f3n compartida por el sector inmobiliario, la vida internacional y ayudar a otros a descubrir las extraordinarias oportunidades que les esperan en Oporto, Portugal. Con a\u00f1os de experiencia como agentes inmobiliarios y un profundo conocimiento de los mercados estadounidense y europeo, nuestra [&hellip;]<\/p>\n","protected":false},"author":1,"featured_media":0,"parent":0,"menu_order":0,"comment_status":"closed","ping_status":"closed","template":"elementor_header_footer","meta":{"footnotes":""},"class_list":["post-4285","page","type-page","status-publish","hentry"],"_links":{"self":[{"href":"https:\/\/investingporto.com\/es\/wp-json\/wp\/v2\/pages\/4285","targetHints":{"allow":["GET"]}}],"collection":[{"href":"https:\/\/investingporto.com\/es\/wp-json\/wp\/v2\/pages"}],"about":[{"href":"https:\/\/investingporto.com\/es\/wp-json\/wp\/v2\/types\/page"}],"author":[{"embeddable":true,"href":"https:\/\/investingporto.com\/es\/wp-json\/wp\/v2\/users\/1"}],"replies":[{"embeddable":true,"href":"https:\/\/investingporto.com\/es\/wp-json\/wp\/v2\/comments?post=4285"}],"version-history":[{"count":2,"href":"https:\/\/investingporto.com\/es\/wp-json\/wp\/v2\/pages\/4285\/revisions"}],"predecessor-version":[{"id":5037,"href":"https:\/\/investingporto.com\/es\/wp-json\/wp\/v2\/pages\/4285\/revisions\/5037"}],"wp:attachment":[{"href":"https:\/\/investingporto.com\/es\/wp-json\/wp\/v2\/media?parent=4285"}],"curies":[{"name":"wp","href":"https:\/\/api.w.org\/{rel}","templated":true}]}}