{"id":4282,"date":"2025-04-27T18:04:38","date_gmt":"2025-04-27T18:04:38","guid":{"rendered":"https:\/\/investingporto.com\/por-que-invertir-en-oporto-portugal\/"},"modified":"2025-11-18T22:46:02","modified_gmt":"2025-11-18T22:46:02","slug":"por-que-invertir-en-oporto-portugal","status":"publish","type":"page","link":"https:\/\/investingporto.com\/es\/por-que-invertir-en-oporto-portugal\/","title":{"rendered":"Por qu\u00e9 invertir en Oporto, Portugal"},"content":{"rendered":"\t\t<div data-elementor-type=\"wp-page\" data-elementor-id=\"4282\" class=\"elementor elementor-4282 elementor-3520\">\n\t\t\t\t\t\t<section class=\"elementor-section elementor-top-section elementor-element elementor-element-6811c164 elementor-section-height-min-height elementor-section-boxed elementor-section-height-default elementor-section-items-middle\" data-id=\"6811c164\" data-element_type=\"section\" data-settings=\"{&quot;background_background&quot;:&quot;classic&quot;}\">\n\t\t\t\t\t\t\t<div class=\"elementor-background-overlay\"><\/div>\n\t\t\t\t\t\t\t<div class=\"elementor-container elementor-column-gap-default\">\n\t\t\t\t\t<div class=\"elementor-column elementor-col-100 elementor-top-column elementor-element elementor-element-218b18c8\" data-id=\"218b18c8\" data-element_type=\"column\">\n\t\t\t<div class=\"elementor-widget-wrap elementor-element-populated\">\n\t\t\t\t\t\t<div class=\"elementor-element elementor-element-29753cc elementor-widget__width-initial elementor-widget elementor-widget-heading\" data-id=\"29753cc\" data-element_type=\"widget\" data-settings=\"{&quot;_animation&quot;:&quot;none&quot;}\" data-widget_type=\"heading.default\">\n\t\t\t\t<div class=\"elementor-widget-container\">\n\t\t\t\t\t<h2 class=\"elementor-heading-title elementor-size-default\">Por qu\u00e9 invertir en Oporto, Portugal<\/h2>\t\t\t\t<\/div>\n\t\t\t\t<\/div>\n\t\t\t\t<div class=\"elementor-element elementor-element-26e6578 elementor-widget elementor-widget-text-editor\" data-id=\"26e6578\" data-element_type=\"widget\" data-widget_type=\"text-editor.default\">\n\t\t\t\t<div class=\"elementor-widget-container\">\n\t\t\t\t\t\t\t\t\t<p><strong>Todo lo que los inversores estadounidenses deben saber antes de comprar una propiedad en Portugal<\/strong><\/p>\t\t\t\t\t\t\t\t<\/div>\n\t\t\t\t<\/div>\n\t\t\t\t<div class=\"elementor-element elementor-element-6917bb8 elementor-widget elementor-widget-text-editor\" data-id=\"6917bb8\" data-element_type=\"widget\" data-widget_type=\"text-editor.default\">\n\t\t\t\t<div class=\"elementor-widget-container\">\n\t\t\t\t\t\t\t\t\t<p><em>-Por Invertir en Oporto<\/em><\/p>\t\t\t\t\t\t\t\t<\/div>\n\t\t\t\t<\/div>\n\t\t\t\t\t<\/div>\n\t\t<\/div>\n\t\t\t\t\t<\/div>\n\t\t<\/section>\n\t\t<div class=\"elementor-element elementor-element-1f11bfa7 e-flex e-con-boxed elementor-invisible e-con e-parent\" data-id=\"1f11bfa7\" data-element_type=\"container\" data-settings=\"{&quot;background_background&quot;:&quot;classic&quot;,&quot;animation&quot;:&quot;fadeIn&quot;}\">\n\t\t\t\t\t<div class=\"e-con-inner\">\n\t\t\t\t<div class=\"elementor-element elementor-element-1130bfd elementor-widget__width-initial elementor-widget elementor-widget-heading\" data-id=\"1130bfd\" data-element_type=\"widget\" data-settings=\"{&quot;_animation&quot;:&quot;none&quot;}\" data-widget_type=\"heading.default\">\n\t\t\t\t<div class=\"elementor-widget-container\">\n\t\t\t\t\t<h2 class=\"elementor-heading-title elementor-size-default\">1. Ubicaci\u00f3n geogr\u00e1fica estrat\u00e9gica<\/h2>\t\t\t\t<\/div>\n\t\t\t\t<\/div>\n\t\t\t\t<div class=\"elementor-element elementor-element-2f48676 elementor-widget__width-initial elementor-widget elementor-widget-text-editor\" data-id=\"2f48676\" data-element_type=\"widget\" data-widget_type=\"text-editor.default\">\n\t\t\t\t<div class=\"elementor-widget-container\">\n\t\t\t\t\t\t\t\t\t<ul><li><b>Proximidad a los principales mercados<\/b><span style=\"font-weight: 400;\">: Situada en el norte de Portugal, Oporto es un centro comercial con f\u00e1cil acceso tanto al oc\u00e9ano Atl\u00e1ntico como al resto de Europa. <\/span><b>Aeropuerto Francisco S\u00e1 Carneiro <\/b><span style=\"font-weight: 400;\">(OPO): Uno de los aeropuertos con m\u00e1s tr\u00e1fico de Portugal, con vuelos directos a m\u00e1s de 70 destinos internacionales. <\/span> <\/li><li><b>Puerto mar\u00edtimo de Leix\u00f5es<\/b><span style=\"font-weight: 400;\">: Uno de los puertos de aguas profundas m\u00e1s importantes de Portugal, ideal para empresas de exportaci\u00f3n e importaci\u00f3n. <\/span> <\/li><li><span style=\"font-weight: 400;\">bien integrado <\/span><b>ferroviarios y de autopistas <\/b><span style=\"font-weight: 400;\">unen Oporto con Lisboa, Espa\u00f1a y otros grandes mercados de la UE. <\/span> <\/li><\/ul>\t\t\t\t\t\t\t\t<\/div>\n\t\t\t\t<\/div>\n\t\t\t\t\t<\/div>\n\t\t\t\t<\/div>\n\t\t<div class=\"elementor-element elementor-element-b7cace7 e-flex e-con-boxed elementor-invisible e-con e-parent\" data-id=\"b7cace7\" data-element_type=\"container\" data-settings=\"{&quot;background_background&quot;:&quot;classic&quot;,&quot;animation&quot;:&quot;fadeIn&quot;}\">\n\t\t\t\t\t<div class=\"e-con-inner\">\n\t\t\t\t<div class=\"elementor-element elementor-element-2dbf229 elementor-widget__width-initial elementor-widget elementor-widget-heading\" data-id=\"2dbf229\" data-element_type=\"widget\" data-settings=\"{&quot;_animation&quot;:&quot;none&quot;}\" data-widget_type=\"heading.default\">\n\t\t\t\t<div class=\"elementor-widget-container\">\n\t\t\t\t\t<h2 class=\"elementor-heading-title elementor-size-default\">2. Oportunidades inmobiliarias s\u00f3lidas  \n<\/h2>\t\t\t\t<\/div>\n\t\t\t\t<\/div>\n\t\t\t\t<div class=\"elementor-element elementor-element-4be1c6a elementor-widget__width-initial elementor-widget elementor-widget-text-editor\" data-id=\"4be1c6a\" data-element_type=\"widget\" data-widget_type=\"text-editor.default\">\n\t\t\t\t<div class=\"elementor-widget-container\">\n\t\t\t\t\t\t\t\t\t<ul><li><b>Fuertes rendimientos del alquiler<\/b><span style=\"font-weight: 400;\">: Oporto ofrece atractivos rendimientos de alquiler, especialmente en el <\/span><b>mercado de alquiler a corto plazo <\/b><span style=\"font-weight: 400;\">(Airbnb, Booking.com) debido a la demanda tur\u00edstica. <\/span> <\/li><li><b>Apreciaci\u00f3n de los valores inmobiliarios<\/b><span style=\"font-weight: 400;\">: Los precios de los inmuebles en Oporto han crecido significativamente en los \u00faltimos 5 a\u00f1os, y en algunas zonas se han registrado aumentos anuales de dos d\u00edgitos.<\/span><span style=\"font-weight: 400;\"> <\/span><b>Proyectos de regeneraci\u00f3n urbana<\/b><span style=\"font-weight: 400;\">: Los barrios m\u00e1s antiguos (como Bonfim y Campanh\u00e3) se est\u00e1n transformando, lo que crea grandes oportunidades de inversi\u00f3n temprana. <\/span> <\/li><\/ul>\t\t\t\t\t\t\t\t<\/div>\n\t\t\t\t<\/div>\n\t\t\t\t\t<\/div>\n\t\t\t\t<\/div>\n\t\t<div class=\"elementor-element elementor-element-825848e e-flex e-con-boxed elementor-invisible e-con e-parent\" data-id=\"825848e\" data-element_type=\"container\" data-settings=\"{&quot;background_background&quot;:&quot;classic&quot;,&quot;animation&quot;:&quot;fadeIn&quot;}\">\n\t\t\t\t\t<div class=\"e-con-inner\">\n\t\t\t\t<div class=\"elementor-element elementor-element-43cea28 elementor-widget__width-initial elementor-widget elementor-widget-heading\" data-id=\"43cea28\" data-element_type=\"widget\" data-settings=\"{&quot;_animation&quot;:&quot;none&quot;}\" data-widget_type=\"heading.default\">\n\t\t\t\t<div class=\"elementor-widget-container\">\n\t\t\t\t\t<h2 class=\"elementor-heading-title elementor-size-default\">3. Sector tur\u00edstico en r\u00e1pido crecimiento<\/h2>\t\t\t\t<\/div>\n\t\t\t\t<\/div>\n\t\t\t\t<div class=\"elementor-element elementor-element-8df15a9 elementor-widget__width-initial elementor-widget elementor-widget-text-editor\" data-id=\"8df15a9\" data-element_type=\"widget\" data-widget_type=\"text-editor.default\">\n\t\t\t\t<div class=\"elementor-widget-container\">\n\t\t\t\t\t\t\t\t\t<ul><li><span style=\"font-weight: 400;\">Oporto es una de las ciudades <\/span><b>ciudades m\u00e1s visitadas<\/b><span style=\"font-weight: 400;\">y atrae a m\u00e1s de 7,4 millones de turistas al a\u00f1o. <\/span> <\/li><li><b>El estatus de Patrimonio de la Humanidad de la UNESCO <\/b><span style=\"font-weight: 400;\">para su centro hist\u00f3rico la hace muy deseable para el turismo cultural. <\/span> <\/li><li><b>Enoturismo<\/b><span style=\"font-weight: 400;\">: El valle del Duero y la famosa industria del vino de Oporto atraen a amantes del vino de todo el mundo. <\/span> <\/li><li><b>Industria de cruceros<\/b><span style=\"font-weight: 400;\">: El Puerto de Leix\u00f5es recibe anualmente m\u00e1s de 100 cruceros, que traen turistas de alto poder adquisitivo. <\/span> <\/li><\/ul>\t\t\t\t\t\t\t\t<\/div>\n\t\t\t\t<\/div>\n\t\t\t\t\t<\/div>\n\t\t\t\t<\/div>\n\t\t<div class=\"elementor-element elementor-element-4fa9c9b e-flex e-con-boxed elementor-invisible e-con e-parent\" data-id=\"4fa9c9b\" data-element_type=\"container\" data-settings=\"{&quot;background_background&quot;:&quot;classic&quot;,&quot;animation&quot;:&quot;fadeIn&quot;}\">\n\t\t\t\t\t<div class=\"e-con-inner\">\n\t\t\t\t<div class=\"elementor-element elementor-element-50cf280 elementor-widget__width-initial elementor-widget elementor-widget-heading\" data-id=\"50cf280\" data-element_type=\"widget\" data-settings=\"{&quot;_animation&quot;:&quot;none&quot;}\" data-widget_type=\"heading.default\">\n\t\t\t\t<div class=\"elementor-widget-container\">\n\t\t\t\t\t<h2 class=\"elementor-heading-title elementor-size-default\">4. Ecosistema de Innovaci\u00f3n y Startups\n<\/h2>\t\t\t\t<\/div>\n\t\t\t\t<\/div>\n\t\t\t\t<div class=\"elementor-element elementor-element-e5addff elementor-widget__width-initial elementor-widget elementor-widget-text-editor\" data-id=\"e5addff\" data-element_type=\"widget\" data-widget_type=\"text-editor.default\">\n\t\t\t\t<div class=\"elementor-widget-container\">\n\t\t\t\t\t\t\t\t\t<ul><li><span style=\"font-weight: 400;\">Conocido como el <\/span><b>&#8220;Silicon Valley de Portugal<\/b><span style=\"font-weight: 400;\">Oporto cuenta con una vibrante escena tecnol\u00f3gica respaldada por universidades de primer nivel como la <\/span><b>Universidad de Oporto<\/b><span style=\"font-weight: 400;\">. <\/span> <\/li><li><span style=\"font-weight: 400;\">Sede de exitosas startups de fintech, healthtech y energ\u00eda verde.  <\/span><\/li><li><span style=\"font-weight: 400;\">Los programas financiados por el gobierno y la UE apoyan activamente <\/span><b>centros de innovaci\u00f3n, espacios de coworking y aceleradoras <\/b><span style=\"font-weight: 400;\">(como UPTEC y Founders Founders). <\/span> <\/li><li><span style=\"font-weight: 400;\">La mano de obra es <\/span><b>altamente cualificada y rentable <\/b><span style=\"font-weight: 400;\">en comparaci\u00f3n con Europa Occidental<\/span><\/li><\/ul>\t\t\t\t\t\t\t\t<\/div>\n\t\t\t\t<\/div>\n\t\t\t\t\t<\/div>\n\t\t\t\t<\/div>\n\t\t<div class=\"elementor-element elementor-element-d35b7d7 e-flex e-con-boxed elementor-invisible e-con e-parent\" data-id=\"d35b7d7\" data-element_type=\"container\" data-settings=\"{&quot;background_background&quot;:&quot;classic&quot;,&quot;animation&quot;:&quot;fadeIn&quot;}\">\n\t\t\t\t\t<div class=\"e-con-inner\">\n\t\t\t\t<div class=\"elementor-element elementor-element-ccbbaa3 elementor-widget__width-initial elementor-widget elementor-widget-heading\" data-id=\"ccbbaa3\" data-element_type=\"widget\" data-settings=\"{&quot;_animation&quot;:&quot;none&quot;}\" data-widget_type=\"heading.default\">\n\t\t\t\t<div class=\"elementor-widget-container\">\n\t\t\t\t\t<h2 class=\"elementor-heading-title elementor-size-default\">5. Entorno favorable a las empresas<\/h2>\t\t\t\t<\/div>\n\t\t\t\t<\/div>\n\t\t\t\t<div class=\"elementor-element elementor-element-2a79ac6 elementor-widget__width-initial elementor-widget elementor-widget-text-editor\" data-id=\"2a79ac6\" data-element_type=\"widget\" data-widget_type=\"text-editor.default\">\n\t\t\t\t<div class=\"elementor-widget-container\">\n\t\t\t\t\t\t\t\t\t<ul><li><b>Incentivos fiscales para las empresas  <\/b><span style=\"font-weight: 400;\">para nuevos negocios, empresas tecnol\u00f3gicas e iniciativas ecol\u00f3gicas. Costes operativos bajos: los salarios, los servicios p\u00fablicos y el alquiler son significativamente m\u00e1s baratos que en Lisboa, Londres o Par\u00eds.   <\/span><\/li><li><span style=\"font-weight: 400;\">Acceso a <\/span><b>fondos de la UE <\/b><span style=\"font-weight: 400;\">para infraestructuras, I+D y sostenibilidad. <\/span> <\/li><li><span style=\"font-weight: 400;\">Una mano de obra biling\u00fce y educada que habla con fluidez <\/span><b>ingl\u00e9s, espa\u00f1ol y franc\u00e9s<\/b><\/li><\/ul>\t\t\t\t\t\t\t\t<\/div>\n\t\t\t\t<\/div>\n\t\t\t\t\t<\/div>\n\t\t\t\t<\/div>\n\t\t<div class=\"elementor-element elementor-element-c39bb58 e-flex e-con-boxed elementor-invisible e-con e-parent\" data-id=\"c39bb58\" data-element_type=\"container\" data-settings=\"{&quot;background_background&quot;:&quot;classic&quot;,&quot;animation&quot;:&quot;fadeIn&quot;}\">\n\t\t\t\t\t<div class=\"e-con-inner\">\n\t\t\t\t<div class=\"elementor-element elementor-element-2af4758 elementor-widget__width-initial elementor-widget elementor-widget-heading\" data-id=\"2af4758\" data-element_type=\"widget\" data-settings=\"{&quot;_animation&quot;:&quot;none&quot;}\" data-widget_type=\"heading.default\">\n\t\t\t\t<div class=\"elementor-widget-container\">\n\t\t\t\t\t<h2 class=\"elementor-heading-title elementor-size-default\">6. Alta calidad de vida  <\/h2>\t\t\t\t<\/div>\n\t\t\t\t<\/div>\n\t\t\t\t<div class=\"elementor-element elementor-element-f5fef83 elementor-widget__width-initial elementor-widget elementor-widget-text-editor\" data-id=\"f5fef83\" data-element_type=\"widget\" data-widget_type=\"text-editor.default\">\n\t\t\t\t<div class=\"elementor-widget-container\">\n\t\t\t\t\t\t\t\t\t<ul><li><span style=\"font-weight: 400;\">Entorno seguro, limpio y agradable: a menudo clasificada como una de las <\/span><b>mejores ciudades para vivir en Europa<\/b><span style=\"font-weight: 400;\">. <\/span> <\/li><li><span style=\"font-weight: 400;\">Hermosas playas, arquitectura hist\u00f3rica, vibrante escena gastron\u00f3mica y vin\u00edcola.  <\/span><\/li><li><span style=\"font-weight: 400;\">Clima suave con m\u00e1s de <\/span><b>250 d\u00edas de sol al a\u00f1o<\/b><span style=\"font-weight: 400;\">. <\/span> <\/li><li><span style=\"font-weight: 400;\">Excelente <\/span><b>sistemas sanitario y educativo<\/b><span style=\"font-weight: 400;\">incluidas las escuelas internacionales.<\/span><\/li><\/ul>\t\t\t\t\t\t\t\t<\/div>\n\t\t\t\t<\/div>\n\t\t\t\t\t<\/div>\n\t\t\t\t<\/div>\n\t\t<div class=\"elementor-element elementor-element-a506a80 e-flex e-con-boxed elementor-invisible e-con e-parent\" data-id=\"a506a80\" data-element_type=\"container\" data-settings=\"{&quot;background_background&quot;:&quot;classic&quot;,&quot;animation&quot;:&quot;fadeIn&quot;}\">\n\t\t\t\t\t<div class=\"e-con-inner\">\n\t\t\t\t<div class=\"elementor-element elementor-element-c367366 elementor-widget__width-initial elementor-widget elementor-widget-heading\" data-id=\"c367366\" data-element_type=\"widget\" data-settings=\"{&quot;_animation&quot;:&quot;none&quot;}\" data-widget_type=\"heading.default\">\n\t\t\t\t<div class=\"elementor-widget-container\">\n\t\t\t\t\t<h2 class=\"elementor-heading-title elementor-size-default\">7. Sostenibilidad e inversi\u00f3n verde<\/h2>\t\t\t\t<\/div>\n\t\t\t\t<\/div>\n\t\t\t\t<div class=\"elementor-element elementor-element-1a80f6f elementor-widget__width-initial elementor-widget elementor-widget-text-editor\" data-id=\"1a80f6f\" data-element_type=\"widget\" data-widget_type=\"text-editor.default\">\n\t\t\t\t<div class=\"elementor-widget-container\">\n\t\t\t\t\t\t\t\t\t<ul><li><span style=\"font-weight: 400;\">Oporto es una de las ciudades <\/span><b>ciudades m\u00e1s verdes<\/b><span style=\"font-weight: 400;\">invirtiendo mucho en iniciativas ecol\u00f3gicas, transporte p\u00fablico y energ\u00eda limpia. <\/span> <\/li><li><span style=\"font-weight: 400;\">Gran potencial para <\/span><b>ecoturismo<\/b><span style=\"font-weight: 400;\">proyectos inmobiliarios ecol\u00f3gicos y de desarrollo urbano sostenible.<\/span><\/li><\/ul>\t\t\t\t\t\t\t\t<\/div>\n\t\t\t\t<\/div>\n\t\t\t\t\t<\/div>\n\t\t\t\t<\/div>\n\t\t<div class=\"elementor-element elementor-element-91878e4 e-flex e-con-boxed elementor-invisible e-con e-parent\" data-id=\"91878e4\" data-element_type=\"container\" data-settings=\"{&quot;background_background&quot;:&quot;classic&quot;,&quot;animation&quot;:&quot;fadeIn&quot;}\">\n\t\t\t\t\t<div class=\"e-con-inner\">\n\t\t\t\t<div class=\"elementor-element elementor-element-0a07706 elementor-widget__width-initial elementor-widget elementor-widget-heading\" data-id=\"0a07706\" data-element_type=\"widget\" data-settings=\"{&quot;_animation&quot;:&quot;none&quot;}\" data-widget_type=\"heading.default\">\n\t\t\t\t<div class=\"elementor-widget-container\">\n\t\t\t\t\t<h2 class=\"elementor-heading-title elementor-size-default\">8. Centro cultural y educativo  <\/h2>\t\t\t\t<\/div>\n\t\t\t\t<\/div>\n\t\t\t\t<div class=\"elementor-element elementor-element-9926260 elementor-widget__width-initial elementor-widget elementor-widget-text-editor\" data-id=\"9926260\" data-element_type=\"widget\" data-widget_type=\"text-editor.default\">\n\t\t\t\t<div class=\"elementor-widget-container\">\n\t\t\t\t\t\t\t\t\t<ul><li><span style=\"font-weight: 400;\">Una creciente poblaci\u00f3n estudiantil internacional atra\u00edda por las universidades y escuelas de negocios de Oporto.  <\/span><\/li><li><span style=\"font-weight: 400;\">Una rica vida cultural con festivales, m\u00fasica, arquitectura y museos que impulsan el compromiso durante todo el a\u00f1o.<\/span><\/li><\/ul>\t\t\t\t\t\t\t\t<\/div>\n\t\t\t\t<\/div>\n\t\t\t\t\t<\/div>\n\t\t\t\t<\/div>\n\t\t<div class=\"elementor-element elementor-element-46991a6f e-flex e-con-boxed elementor-invisible e-con e-parent\" data-id=\"46991a6f\" data-element_type=\"container\" data-settings=\"{&quot;background_background&quot;:&quot;classic&quot;,&quot;animation&quot;:&quot;fadeIn&quot;}\">\n\t\t\t\t\t<div class=\"e-con-inner\">\n\t\t<div class=\"elementor-element elementor-element-3cfa7339 e-con-full e-flex e-con e-child\" data-id=\"3cfa7339\" data-element_type=\"container\">\n\t\t<div class=\"elementor-element elementor-element-7032823c e-con-full e-flex e-con e-child\" data-id=\"7032823c\" data-element_type=\"container\" data-settings=\"{&quot;background_background&quot;:&quot;classic&quot;}\">\n\t\t<div class=\"elementor-element elementor-element-6f4f853d e-con-full e-flex e-con e-child\" data-id=\"6f4f853d\" data-element_type=\"container\">\n\t\t\t\t<div class=\"elementor-element elementor-element-4163b3d0 elementor-widget elementor-widget-heading\" data-id=\"4163b3d0\" data-element_type=\"widget\" data-settings=\"{&quot;_animation&quot;:&quot;none&quot;}\" data-widget_type=\"heading.default\">\n\t\t\t\t<div class=\"elementor-widget-container\">\n\t\t\t\t\t<h2 class=\"elementor-heading-title elementor-size-default\">  \u00bfPreparado para invertir en Portugal?<\/h2>\t\t\t\t<\/div>\n\t\t\t\t<\/div>\n\t\t\t\t<\/div>\n\t\t<div class=\"elementor-element elementor-element-5bd7abcf e-con-full e-flex e-con e-child\" data-id=\"5bd7abcf\" data-element_type=\"container\">\n\t\t\t\t<div class=\"elementor-element elementor-element-47bf0bb4 elementor-widget elementor-widget-text-editor\" data-id=\"47bf0bb4\" data-element_type=\"widget\" data-widget_type=\"text-editor.default\">\n\t\t\t\t<div class=\"elementor-widget-container\">\n\t\t\t\t\t\t\t\t\t<p>Deja que te ayudemos a hacer realidad tu sue\u00f1o inmobiliario en Portugal.<br>Tanto si te trasladas como si inviertes o te jubilas, <strong>Invest in Porto<\/strong> te cubre las espaldas.<\/p>\t\t\t\t\t\t\t\t<\/div>\n\t\t\t\t<\/div>\n\t\t\t\t<div class=\"elementor-element elementor-element-53d6c62b elementor-align-left elementor-mobile-align-justify elementor-tablet-align-left elementor-widget elementor-widget-button\" data-id=\"53d6c62b\" data-element_type=\"widget\" data-widget_type=\"button.default\">\n\t\t\t\t<div class=\"elementor-widget-container\">\n\t\t\t\t\t\t\t\t\t<div class=\"elementor-button-wrapper\">\n\t\t\t\t\t<a class=\"elementor-button elementor-button-link elementor-size-sm\" href=\"https:\/\/investingporto.com\/es\/ponte-en-contacto-con\/\">\n\t\t\t\t\t\t<span class=\"elementor-button-content-wrapper\">\n\t\t\t\t\t\t<span class=\"elementor-button-icon\">\n\t\t\t\t<svg aria-hidden=\"true\" class=\"e-font-icon-svg e-fas-long-arrow-alt-right\" viewBox=\"0 0 448 512\" xmlns=\"http:\/\/www.w3.org\/2000\/svg\"><path d=\"M313.941 216H12c-6.627 0-12 5.373-12 12v56c0 6.627 5.373 12 12 12h301.941v46.059c0 21.382 25.851 32.09 40.971 16.971l86.059-86.059c9.373-9.373 9.373-24.569 0-33.941l-86.059-86.059c-15.119-15.119-40.971-4.411-40.971 16.971V216z\"><\/path><\/svg>\t\t\t<\/span>\n\t\t\t\t\t\t\t\t\t<span class=\"elementor-button-text\">Contacta con nosotros<\/span>\n\t\t\t\t\t<\/span>\n\t\t\t\t\t<\/a>\n\t\t\t\t<\/div>\n\t\t\t\t\t\t\t\t<\/div>\n\t\t\t\t<\/div>\n\t\t\t\t<\/div>\n\t\t\t\t<\/div>\n\t\t\t\t<\/div>\n\t\t\t\t\t<\/div>\n\t\t\t\t<\/div>\n\t\t\t\t<\/div>\n\t\t","protected":false},"excerpt":{"rendered":"<p>Por qu\u00e9 invertir en Oporto, Portugal Todo lo que los inversores estadounidenses deben saber antes de comprar una propiedad en Portugal -Por Invertir en Oporto 1. Ubicaci\u00f3n geogr\u00e1fica estrat\u00e9gica Proximidad a los principales mercados: Situada en el norte de Portugal, Oporto es un centro comercial con f\u00e1cil acceso tanto al oc\u00e9ano Atl\u00e1ntico como al resto [&hellip;]<\/p>\n","protected":false},"author":1,"featured_media":0,"parent":0,"menu_order":0,"comment_status":"closed","ping_status":"closed","template":"elementor_header_footer","meta":{"footnotes":""},"class_list":["post-4282","page","type-page","status-publish","hentry"],"_links":{"self":[{"href":"https:\/\/investingporto.com\/es\/wp-json\/wp\/v2\/pages\/4282","targetHints":{"allow":["GET"]}}],"collection":[{"href":"https:\/\/investingporto.com\/es\/wp-json\/wp\/v2\/pages"}],"about":[{"href":"https:\/\/investingporto.com\/es\/wp-json\/wp\/v2\/types\/page"}],"author":[{"embeddable":true,"href":"https:\/\/investingporto.com\/es\/wp-json\/wp\/v2\/users\/1"}],"replies":[{"embeddable":true,"href":"https:\/\/investingporto.com\/es\/wp-json\/wp\/v2\/comments?post=4282"}],"version-history":[{"count":3,"href":"https:\/\/investingporto.com\/es\/wp-json\/wp\/v2\/pages\/4282\/revisions"}],"predecessor-version":[{"id":5041,"href":"https:\/\/investingporto.com\/es\/wp-json\/wp\/v2\/pages\/4282\/revisions\/5041"}],"wp:attachment":[{"href":"https:\/\/investingporto.com\/es\/wp-json\/wp\/v2\/media?parent=4282"}],"curies":[{"name":"wp","href":"https:\/\/api.w.org\/{rel}","templated":true}]}}